{"id":73,"date":"2025-11-02T10:30:18","date_gmt":"2025-11-02T09:30:18","guid":{"rendered":"https:\/\/kleinod.edvmanager.de\/?page_id=73"},"modified":"2026-05-04T08:31:03","modified_gmt":"2026-05-04T06:31:03","slug":"kleinod","status":"publish","type":"page","link":"https:\/\/kleinod.edvmanager.de\/index.php\/kleinod\/","title":{"rendered":"Kleinod"},"content":{"rendered":"\n<p><strong>Wer sind wir<\/strong><\/p>\n\n\n\n<p>Kleinod ist ein ambulanter Hospizdienst f\u00fcr Menschen mit Demenz in der letzten Lebensphase.<\/p>\n\n\n\n<p>Unsere ehrenamtlichen Mitarbeiter*innen sind qualifizierte \u2026.<\/p>\n\n\n\n<p><strong>Wir m\u00f6chten Sie entlasten!<\/strong><\/p>\n\n\n\n<p>Mit Kleinod m\u00f6chten wir Ihnen\u2026<\/p>\n\n\n\n<p><strong>Was tun wir<\/strong><\/p>\n\n\n\n<p>Wenn Sie Interesse an Besuchen durch Kleinod haben, kontaktieren Sie uns gerne, Wir vereinbaren zeitnah einen gemeinsamen Termin mit Ihnen, um Ihre W\u00fcnsche und Erwartungen zu besprechen. Bei einem weiteren Termin lernen Sie die ehrenamtliche Person kennen, die zuk\u00fcnftig die Begleitung \u00fcbernehmen wird.<\/p>\n\n\n\n<p><strong>Ehrenamtliche Begleitung &#8211;<\/strong><\/p>\n\n\n\n<p><strong>Was bedeutet das?<\/strong><\/p>\n\n\n\n<ul class=\"wp-block-list\">\n<li>Die ehrenamtlichen Mitarbeiter*innen<\/li>\n<\/ul>\n\n\n\n<p>bieten den Angeh\u00f6rigen eine M\u00f6glichkeit f\u00fcr Pausen, damit sie etwas f\u00fcr sich selbst tun k\u00f6nnen<br>.<\/p>\n\n\n\n<ul class=\"wp-block-list\">\n<li>schenken Zeit bei der betroffenen Person &#8211; erz\u00e4hlen, singen, vorlesen und beten, falls gew\u00fcnscht.<\/li>\n<\/ul>\n","protected":false},"excerpt":{"rendered":"<p>Wer sind wir Kleinod ist ein ambulanter Hospizdienst f\u00fcr Menschen mit Demenz in der letzten Lebensphase. Unsere ehrenamtlichen Mitarbeiter*innen sind qualifizierte \u2026. Wir m\u00f6chten Sie&hellip;<\/p>\n","protected":false},"author":1,"featured_media":0,"parent":0,"menu_order":0,"comment_status":"closed","ping_status":"closed","template":"","meta":{"footnotes":""},"class_list":["post-73","page","type-page","status-publish","hentry"],"yoast_head":"<!-- This site is optimized with the Yoast SEO plugin v25.9 - https:\/\/yoast.com\/wordpress\/plugins\/seo\/ -->\n<title>Kleinod -<\/title>\n<meta name=\"robots\" content=\"index, follow, max-snippet:-1, max-image-preview:large, max-video-preview:-1\" \/>\n<link rel=\"canonical\" href=\"https:\/\/kleinod.edvmanager.de\/index.php\/kleinod\/\" \/>\n<meta property=\"og:locale\" content=\"de_DE\" \/>\n<meta property=\"og:type\" content=\"article\" \/>\n<meta property=\"og:title\" content=\"Kleinod -\" \/>\n<meta property=\"og:description\" content=\"Wer sind wir Kleinod ist ein ambulanter Hospizdienst f\u00fcr Menschen mit Demenz in der letzten Lebensphase. Unsere ehrenamtlichen Mitarbeiter*innen sind qualifizierte \u2026. Wir m\u00f6chten Sie&hellip;\" \/>\n<meta property=\"og:url\" content=\"https:\/\/kleinod.edvmanager.de\/index.php\/kleinod\/\" \/>\n<meta property=\"article:modified_time\" content=\"2026-05-04T06:31:03+00:00\" \/>\n<meta name=\"twitter:card\" content=\"summary_large_image\" \/>\n<meta name=\"twitter:label1\" content=\"Gesch\u00e4tzte Lesezeit\" \/>\n\t<meta name=\"twitter:data1\" content=\"1\u00a0Minute\" \/>\n<script type=\"application\/ld+json\" class=\"yoast-schema-graph\">{\"@context\":\"https:\/\/schema.org\",\"@graph\":[{\"@type\":\"WebPage\",\"@id\":\"https:\/\/kleinod.edvmanager.de\/index.php\/kleinod\/\",\"url\":\"https:\/\/kleinod.edvmanager.de\/index.php\/kleinod\/\",\"name\":\"Kleinod -\",\"isPartOf\":{\"@id\":\"https:\/\/kleinod.edvmanager.de\/#website\"},\"datePublished\":\"2025-11-02T09:30:18+00:00\",\"dateModified\":\"2026-05-04T06:31:03+00:00\",\"breadcrumb\":{\"@id\":\"https:\/\/kleinod.edvmanager.de\/index.php\/kleinod\/#breadcrumb\"},\"inLanguage\":\"de\",\"potentialAction\":[{\"@type\":\"ReadAction\",\"target\":[\"https:\/\/kleinod.edvmanager.de\/index.php\/kleinod\/\"]}]},{\"@type\":\"BreadcrumbList\",\"@id\":\"https:\/\/kleinod.edvmanager.de\/index.php\/kleinod\/#breadcrumb\",\"itemListElement\":[{\"@type\":\"ListItem\",\"position\":1,\"name\":\"Startseite\",\"item\":\"https:\/\/kleinod.edvmanager.de\/\"},{\"@type\":\"ListItem\",\"position\":2,\"name\":\"Kleinod\"}]},{\"@type\":\"WebSite\",\"@id\":\"https:\/\/kleinod.edvmanager.de\/#website\",\"url\":\"https:\/\/kleinod.edvmanager.de\/\",\"name\":\"\",\"description\":\"\",\"potentialAction\":[{\"@type\":\"SearchAction\",\"target\":{\"@type\":\"EntryPoint\",\"urlTemplate\":\"https:\/\/kleinod.edvmanager.de\/?s={search_term_string}\"},\"query-input\":{\"@type\":\"PropertyValueSpecification\",\"valueRequired\":true,\"valueName\":\"search_term_string\"}}],\"inLanguage\":\"de\"}]}<\/script>\n<!-- \/ Yoast SEO plugin. -->","yoast_head_json":{"title":"Kleinod -","robots":{"index":"index","follow":"follow","max-snippet":"max-snippet:-1","max-image-preview":"max-image-preview:large","max-video-preview":"max-video-preview:-1"},"canonical":"https:\/\/kleinod.edvmanager.de\/index.php\/kleinod\/","og_locale":"de_DE","og_type":"article","og_title":"Kleinod -","og_description":"Wer sind wir Kleinod ist ein ambulanter Hospizdienst f\u00fcr Menschen mit Demenz in der letzten Lebensphase. Unsere ehrenamtlichen Mitarbeiter*innen sind qualifizierte \u2026. Wir m\u00f6chten Sie&hellip;","og_url":"https:\/\/kleinod.edvmanager.de\/index.php\/kleinod\/","article_modified_time":"2026-05-04T06:31:03+00:00","twitter_card":"summary_large_image","twitter_misc":{"Gesch\u00e4tzte Lesezeit":"1\u00a0Minute"},"schema":{"@context":"https:\/\/schema.org","@graph":[{"@type":"WebPage","@id":"https:\/\/kleinod.edvmanager.de\/index.php\/kleinod\/","url":"https:\/\/kleinod.edvmanager.de\/index.php\/kleinod\/","name":"Kleinod -","isPartOf":{"@id":"https:\/\/kleinod.edvmanager.de\/#website"},"datePublished":"2025-11-02T09:30:18+00:00","dateModified":"2026-05-04T06:31:03+00:00","breadcrumb":{"@id":"https:\/\/kleinod.edvmanager.de\/index.php\/kleinod\/#breadcrumb"},"inLanguage":"de","potentialAction":[{"@type":"ReadAction","target":["https:\/\/kleinod.edvmanager.de\/index.php\/kleinod\/"]}]},{"@type":"BreadcrumbList","@id":"https:\/\/kleinod.edvmanager.de\/index.php\/kleinod\/#breadcrumb","itemListElement":[{"@type":"ListItem","position":1,"name":"Startseite","item":"https:\/\/kleinod.edvmanager.de\/"},{"@type":"ListItem","position":2,"name":"Kleinod"}]},{"@type":"WebSite","@id":"https:\/\/kleinod.edvmanager.de\/#website","url":"https:\/\/kleinod.edvmanager.de\/","name":"","description":"","potentialAction":[{"@type":"SearchAction","target":{"@type":"EntryPoint","urlTemplate":"https:\/\/kleinod.edvmanager.de\/?s={search_term_string}"},"query-input":{"@type":"PropertyValueSpecification","valueRequired":true,"valueName":"search_term_string"}}],"inLanguage":"de"}]}},"_links":{"self":[{"href":"https:\/\/kleinod.edvmanager.de\/index.php\/wp-json\/wp\/v2\/pages\/73","targetHints":{"allow":["GET"]}}],"collection":[{"href":"https:\/\/kleinod.edvmanager.de\/index.php\/wp-json\/wp\/v2\/pages"}],"about":[{"href":"https:\/\/kleinod.edvmanager.de\/index.php\/wp-json\/wp\/v2\/types\/page"}],"author":[{"embeddable":true,"href":"https:\/\/kleinod.edvmanager.de\/index.php\/wp-json\/wp\/v2\/users\/1"}],"replies":[{"embeddable":true,"href":"https:\/\/kleinod.edvmanager.de\/index.php\/wp-json\/wp\/v2\/comments?post=73"}],"version-history":[{"count":2,"href":"https:\/\/kleinod.edvmanager.de\/index.php\/wp-json\/wp\/v2\/pages\/73\/revisions"}],"predecessor-version":[{"id":79,"href":"https:\/\/kleinod.edvmanager.de\/index.php\/wp-json\/wp\/v2\/pages\/73\/revisions\/79"}],"wp:attachment":[{"href":"https:\/\/kleinod.edvmanager.de\/index.php\/wp-json\/wp\/v2\/media?parent=73"}],"curies":[{"name":"wp","href":"https:\/\/api.w.org\/{rel}","templated":true}]}}