{"id":2,"date":"2025-09-14T09:56:54","date_gmt":"2025-09-14T07:56:54","guid":{"rendered":"https:\/\/kleinod.edvmanager.de\/?page_id=2"},"modified":"2026-05-05T10:29:30","modified_gmt":"2026-05-05T08:29:30","slug":"beispiel-seite","status":"publish","type":"page","link":"https:\/\/kleinod.edvmanager.de\/","title":{"rendered":""},"content":{"rendered":"\n<p>Zick f\u00fcr Dich und Kleinod sind angegliedert an das St. Vinzenzhaus in K\u00f6ln-Br\u00fcck.<\/p>\n\n\n\n<p><\/p>\n\n\n\n<div class=\"wp-block-columns is-layout-flex wp-container-core-columns-is-layout-9d6595d7 wp-block-columns-is-layout-flex\">\n<div class=\"wp-block-column is-layout-flow wp-block-column-is-layout-flow\">\n<figure class=\"wp-block-image size-large\"><img loading=\"lazy\" decoding=\"async\" width=\"1024\" height=\"682\" src=\"https:\/\/kleinod.edvmanager.de\/wp-content\/uploads\/2026\/05\/Haende-2-1024x682.jpg\" alt=\"\" class=\"wp-image-94\" srcset=\"https:\/\/kleinod.edvmanager.de\/wp-content\/uploads\/2026\/05\/Haende-2-1024x682.jpg 1024w, https:\/\/kleinod.edvmanager.de\/wp-content\/uploads\/2026\/05\/Haende-2-300x200.jpg 300w, https:\/\/kleinod.edvmanager.de\/wp-content\/uploads\/2026\/05\/Haende-2-768x512.jpg 768w, https:\/\/kleinod.edvmanager.de\/wp-content\/uploads\/2026\/05\/Haende-2.jpg 1280w\" sizes=\"auto, (max-width: 1024px) 100vw, 1024px\" \/><\/figure>\n\n\n\n<details class=\"wp-block-details\"><summary><mark style=\"background-color:rgba(0, 0, 0, 0);color:#3486b5\" class=\"has-inline-color is-layout-flow wp-block-details-is-layout-flow\"><strong>Zick f\u00fcr Dich<\/strong><\/mark> ist ein h\u00e4uslicher Unterst\u00fctzungsdienst f\u00fcr Menschen mit Demenz.<\/summary>\n<p><\/p>\n<\/details>\n<\/div>\n\n\n\n<div class=\"wp-block-column is-layout-flow wp-block-column-is-layout-flow\">\n<figure class=\"wp-block-image size-full\"><img loading=\"lazy\" decoding=\"async\" width=\"605\" height=\"404\" src=\"https:\/\/kleinod.edvmanager.de\/wp-content\/uploads\/2026\/05\/Baeume-Original-2.jpg\" alt=\"\" class=\"wp-image-95\" srcset=\"https:\/\/kleinod.edvmanager.de\/wp-content\/uploads\/2026\/05\/Baeume-Original-2.jpg 605w, https:\/\/kleinod.edvmanager.de\/wp-content\/uploads\/2026\/05\/Baeume-Original-2-300x200.jpg 300w\" sizes=\"auto, (max-width: 605px) 100vw, 605px\" \/><\/figure>\n\n\n\n<details class=\"wp-block-details\"><summary><mark style=\"background-color:rgba(0, 0, 0, 0)\" class=\"has-inline-color has-vivid-red-color is-layout-flow wp-block-details-is-layout-flow\"><strong>Kleinod<\/strong><\/mark> ist ein ambulanter Hospizdienst f\u00fcr Menschen mit Demenz.<\/summary>\n<p><\/p>\n<\/details>\n<\/div>\n\n\n\n<div class=\"wp-block-column is-layout-flow wp-block-column-is-layout-flow\">\n<figure class=\"wp-block-image size-large\"><img loading=\"lazy\" decoding=\"async\" width=\"1024\" height=\"684\" src=\"https:\/\/kleinod.edvmanager.de\/wp-content\/uploads\/2026\/05\/elsemargriet-rose-3859934_1920-1024x684.jpg\" alt=\"\" class=\"wp-image-96\" srcset=\"https:\/\/kleinod.edvmanager.de\/wp-content\/uploads\/2026\/05\/elsemargriet-rose-3859934_1920-1024x684.jpg 1024w, https:\/\/kleinod.edvmanager.de\/wp-content\/uploads\/2026\/05\/elsemargriet-rose-3859934_1920-300x200.jpg 300w, https:\/\/kleinod.edvmanager.de\/wp-content\/uploads\/2026\/05\/elsemargriet-rose-3859934_1920-768x513.jpg 768w, https:\/\/kleinod.edvmanager.de\/wp-content\/uploads\/2026\/05\/elsemargriet-rose-3859934_1920-1536x1026.jpg 1536w, https:\/\/kleinod.edvmanager.de\/wp-content\/uploads\/2026\/05\/elsemargriet-rose-3859934_1920.jpg 1920w\" sizes=\"auto, (max-width: 1024px) 100vw, 1024px\" \/><\/figure>\n\n\n\n<details class=\"wp-block-details is-layout-flow wp-block-details-is-layout-flow\"><summary>Trauerangebote<\/summary>\n<p><\/p>\n<\/details>\n<\/div>\n<\/div>\n\n\n\n<p><strong>Z<\/strong><\/p>\n\n\n\n<p><\/p>\n","protected":false},"excerpt":{"rendered":"<p>Zick f\u00fcr Dich und Kleinod sind angegliedert an das St. Vinzenzhaus in K\u00f6ln-Br\u00fcck. Z<\/p>\n","protected":false},"author":1,"featured_media":0,"parent":0,"menu_order":0,"comment_status":"closed","ping_status":"open","template":"","meta":{"footnotes":""},"class_list":["post-2","page","type-page","status-publish","hentry"],"yoast_head":"<!-- This site is optimized with the Yoast SEO plugin v25.9 - https:\/\/yoast.com\/wordpress\/plugins\/seo\/ -->\n<title>-<\/title>\n<meta name=\"robots\" content=\"index, follow, max-snippet:-1, max-image-preview:large, max-video-preview:-1\" \/>\n<link rel=\"canonical\" href=\"https:\/\/kleinod.edvmanager.de\/\" \/>\n<meta property=\"og:locale\" content=\"de_DE\" \/>\n<meta property=\"og:type\" content=\"article\" \/>\n<meta property=\"og:title\" content=\"-\" \/>\n<meta property=\"og:description\" content=\"Zick f\u00fcr Dich und Kleinod sind angegliedert an das St. Vinzenzhaus in K\u00f6ln-Br\u00fcck. Z\" \/>\n<meta property=\"og:url\" content=\"https:\/\/kleinod.edvmanager.de\/\" \/>\n<meta property=\"article:modified_time\" content=\"2026-05-05T08:29:30+00:00\" \/>\n<meta property=\"og:image\" content=\"https:\/\/kleinod.edvmanager.de\/wp-content\/uploads\/2026\/05\/Haende-2.jpg\" \/>\n\t<meta property=\"og:image:width\" content=\"1280\" \/>\n\t<meta property=\"og:image:height\" content=\"853\" \/>\n\t<meta property=\"og:image:type\" content=\"image\/jpeg\" \/>\n<meta name=\"twitter:card\" content=\"summary_large_image\" \/>\n<meta name=\"twitter:label1\" content=\"Gesch\u00e4tzte Lesezeit\" \/>\n\t<meta name=\"twitter:data1\" content=\"1\u00a0Minute\" \/>\n<script type=\"application\/ld+json\" class=\"yoast-schema-graph\">{\"@context\":\"https:\/\/schema.org\",\"@graph\":[{\"@type\":\"WebPage\",\"@id\":\"https:\/\/kleinod.edvmanager.de\/\",\"url\":\"https:\/\/kleinod.edvmanager.de\/\",\"name\":\"-\",\"isPartOf\":{\"@id\":\"https:\/\/kleinod.edvmanager.de\/#website\"},\"primaryImageOfPage\":{\"@id\":\"https:\/\/kleinod.edvmanager.de\/#primaryimage\"},\"image\":{\"@id\":\"https:\/\/kleinod.edvmanager.de\/#primaryimage\"},\"thumbnailUrl\":\"https:\/\/kleinod.edvmanager.de\/wp-content\/uploads\/2026\/05\/Haende-2-1024x682.jpg\",\"datePublished\":\"2025-09-14T07:56:54+00:00\",\"dateModified\":\"2026-05-05T08:29:30+00:00\",\"inLanguage\":\"de\",\"potentialAction\":[{\"@type\":\"ReadAction\",\"target\":[\"https:\/\/kleinod.edvmanager.de\/\"]}]},{\"@type\":\"ImageObject\",\"inLanguage\":\"de\",\"@id\":\"https:\/\/kleinod.edvmanager.de\/#primaryimage\",\"url\":\"https:\/\/kleinod.edvmanager.de\/wp-content\/uploads\/2026\/05\/Haende-2.jpg\",\"contentUrl\":\"https:\/\/kleinod.edvmanager.de\/wp-content\/uploads\/2026\/05\/Haende-2.jpg\",\"width\":1280,\"height\":853},{\"@type\":\"WebSite\",\"@id\":\"https:\/\/kleinod.edvmanager.de\/#website\",\"url\":\"https:\/\/kleinod.edvmanager.de\/\",\"name\":\"\",\"description\":\"\",\"potentialAction\":[{\"@type\":\"SearchAction\",\"target\":{\"@type\":\"EntryPoint\",\"urlTemplate\":\"https:\/\/kleinod.edvmanager.de\/?s={search_term_string}\"},\"query-input\":{\"@type\":\"PropertyValueSpecification\",\"valueRequired\":true,\"valueName\":\"search_term_string\"}}],\"inLanguage\":\"de\"}]}<\/script>\n<!-- \/ Yoast SEO plugin. -->","yoast_head_json":{"title":"-","robots":{"index":"index","follow":"follow","max-snippet":"max-snippet:-1","max-image-preview":"max-image-preview:large","max-video-preview":"max-video-preview:-1"},"canonical":"https:\/\/kleinod.edvmanager.de\/","og_locale":"de_DE","og_type":"article","og_title":"-","og_description":"Zick f\u00fcr Dich und Kleinod sind angegliedert an das St. Vinzenzhaus in K\u00f6ln-Br\u00fcck. Z","og_url":"https:\/\/kleinod.edvmanager.de\/","article_modified_time":"2026-05-05T08:29:30+00:00","og_image":[{"width":1280,"height":853,"url":"https:\/\/kleinod.edvmanager.de\/wp-content\/uploads\/2026\/05\/Haende-2.jpg","type":"image\/jpeg"}],"twitter_card":"summary_large_image","twitter_misc":{"Gesch\u00e4tzte Lesezeit":"1\u00a0Minute"},"schema":{"@context":"https:\/\/schema.org","@graph":[{"@type":"WebPage","@id":"https:\/\/kleinod.edvmanager.de\/","url":"https:\/\/kleinod.edvmanager.de\/","name":"-","isPartOf":{"@id":"https:\/\/kleinod.edvmanager.de\/#website"},"primaryImageOfPage":{"@id":"https:\/\/kleinod.edvmanager.de\/#primaryimage"},"image":{"@id":"https:\/\/kleinod.edvmanager.de\/#primaryimage"},"thumbnailUrl":"https:\/\/kleinod.edvmanager.de\/wp-content\/uploads\/2026\/05\/Haende-2-1024x682.jpg","datePublished":"2025-09-14T07:56:54+00:00","dateModified":"2026-05-05T08:29:30+00:00","inLanguage":"de","potentialAction":[{"@type":"ReadAction","target":["https:\/\/kleinod.edvmanager.de\/"]}]},{"@type":"ImageObject","inLanguage":"de","@id":"https:\/\/kleinod.edvmanager.de\/#primaryimage","url":"https:\/\/kleinod.edvmanager.de\/wp-content\/uploads\/2026\/05\/Haende-2.jpg","contentUrl":"https:\/\/kleinod.edvmanager.de\/wp-content\/uploads\/2026\/05\/Haende-2.jpg","width":1280,"height":853},{"@type":"WebSite","@id":"https:\/\/kleinod.edvmanager.de\/#website","url":"https:\/\/kleinod.edvmanager.de\/","name":"","description":"","potentialAction":[{"@type":"SearchAction","target":{"@type":"EntryPoint","urlTemplate":"https:\/\/kleinod.edvmanager.de\/?s={search_term_string}"},"query-input":{"@type":"PropertyValueSpecification","valueRequired":true,"valueName":"search_term_string"}}],"inLanguage":"de"}]}},"_links":{"self":[{"href":"https:\/\/kleinod.edvmanager.de\/index.php\/wp-json\/wp\/v2\/pages\/2","targetHints":{"allow":["GET"]}}],"collection":[{"href":"https:\/\/kleinod.edvmanager.de\/index.php\/wp-json\/wp\/v2\/pages"}],"about":[{"href":"https:\/\/kleinod.edvmanager.de\/index.php\/wp-json\/wp\/v2\/types\/page"}],"author":[{"embeddable":true,"href":"https:\/\/kleinod.edvmanager.de\/index.php\/wp-json\/wp\/v2\/users\/1"}],"replies":[{"embeddable":true,"href":"https:\/\/kleinod.edvmanager.de\/index.php\/wp-json\/wp\/v2\/comments?post=2"}],"version-history":[{"count":4,"href":"https:\/\/kleinod.edvmanager.de\/index.php\/wp-json\/wp\/v2\/pages\/2\/revisions"}],"predecessor-version":[{"id":97,"href":"https:\/\/kleinod.edvmanager.de\/index.php\/wp-json\/wp\/v2\/pages\/2\/revisions\/97"}],"wp:attachment":[{"href":"https:\/\/kleinod.edvmanager.de\/index.php\/wp-json\/wp\/v2\/media?parent=2"}],"curies":[{"name":"wp","href":"https:\/\/api.w.org\/{rel}","templated":true}]}}